{"id":337,"date":"2019-01-28T16:52:50","date_gmt":"2019-01-28T16:52:50","guid":{"rendered":"http:\/\/10.44.205.4\/wp\/adi\/site-28jan19-1852\/?page_id=3"},"modified":"2020-08-10T03:15:38","modified_gmt":"2020-08-10T01:15:38","slug":"privacy-policy","status":"publish","type":"page","link":"https:\/\/corporatecreators.de\/index.php\/privacy-policy\/","title":{"rendered":"Datenschutz"},"content":{"rendered":"\n<p>Wir nehmen den Schutz Ihrer pers\u00f6nlichen Daten sehr ernst und halten uns strikt an die Regeln der Datenschutzgesetze. Personenbezogene Daten werden auf dieser Webseite nur im technisch notwendigen Umfang erhoben. In keinem Fall werden die erhobenen Daten verkauft oder aus anderen Gr\u00fcnden an Dritte weitergegeben.<\/p>\n\n\n\n<p>Die nachfolgende Erkl\u00e4rung gibt Ihnen einen \u00dcberblick dar\u00fcber, wie wir diesen Schutz gew\u00e4hrleisten und welche Art von Daten zu welchem Zweck erhoben werden.<\/p>\n\n\n\n<h2 class=\"wp-block-heading\">Datenschutzerkl\u00e4rung<\/h2>\n\n\n\n<p>Die Nutzung unserer Seite ist ohne eine Angabe von personenbezogenen Daten m\u00f6glich. F\u00fcr die Nutzung einzelner Services unserer Seite k\u00f6nnen sich hierf\u00fcr abweichende Regelungen ergeben, die in diesem Falle nachstehend gesondert erl\u00e4utert werden. Ihre personenbezogenen Daten (z.B. Name, Anschrift, E-Mail, Telefonnummer, u.\u00e4.) werden von uns nur gem\u00e4\u00df den Bestimmungen des deutschen Datenschutzrechts verarbeitet. Daten sind dann personenbezogen, wenn sie eindeutig einer bestimmten nat\u00fcrlichen Person zugeordnet werden k\u00f6nnen. Die rechtlichen Grundlagen des Datenschutzes finden Sie im Bundesdatenschutzgesetz (BDSG) und dem Telemediengesetz (TMG). Nachstehende Regelungen informieren Sie insoweit \u00fcber die Art, den Umfang und Zweck der Erhebung, die Nutzung und die Verarbeitung von personenbezogenen Daten durch den Anbieter<\/p>\n\n\n\n<p><strong><a href=\"https:\/\/www.whitewhale.de\/impressum\/\">Betreiber siehe Impressum<\/a><br><\/strong><\/p>\n\n\n\n<p>Wir weisen darauf hin, dass die internetbasierte Daten\u00fcbertragung Sicherheitsl\u00fccken aufweist, ein l\u00fcckenloser Schutz vor Zugriffen durch Dritte somit unm\u00f6glich ist.<\/p>\n\n\n\n<h4 class=\"wp-block-heading\">Cookies<\/h4>\n\n\n\n<p>Wir verwenden auf unserer Seite sog. Cookies zum Wiedererkennen mehrfacher Nutzung unseres Angebots, durch denselben Nutzer\/Internetanschlussinhaber. Cookies sind kleine Textdateien, die Ihr Internet-Browser auf Ihrem Rechner ablegt und speichert. Sie dienen dazu, unseren Internetauftritt und unsere Angebote zu optimieren. Es handelt sich dabei zumeist um sog. \u201cSession-Cookies\u201d, die nach dem Ende Ihres Besuches wieder gel\u00f6scht werden.<br>Teilweise geben diese Cookies jedoch Informationen ab, um Sie automatisch wieder zu erkennen. Diese Wiedererkennung erfolgt aufgrund der in den Cookies gespeicherten IP-Adresse. Die so erlangten Informationen dienen dazu, unsere Angebote zu optimieren und Ihnen einen leichteren Zugang auf unsere Seite zu erm\u00f6glichen.<br>Sie k\u00f6nnen die Installation der Cookies durch eine entsprechende Einstellung Ihres Browsers verhindern; wir weisen Sie jedoch darauf hin, dass Sie in diesem Fall gegebenenfalls nicht s\u00e4mtliche Funktionen unserer Website vollumf\u00e4nglich nutzen k\u00f6nnen.<\/p>\n\n\n\n<h4 class=\"wp-block-heading\">Serverdaten<\/h4>\n\n\n\n<p>Aus technischen Gr\u00fcnden werden u.a. folgende Daten, die Ihr Internet-Browser an uns bzw. an unseren Webspace-Provider \u00fcbermittelt, erfasst (sogenannte Serverlogfiles):<\/p>\n\n\n\n<p>\u2013 Browsertyp und -version<br>\u2013 verwendetes Betriebssystem<br>\u2013 Webseite, von der aus Sie uns besuchen (Referrer URL)<br>\u2013 Webseite, die Sie besuchen<br>\u2013 Datum und Uhrzeit Ihres Zugriffs<br>\u2013 Ihre Internet Protokoll (IP)-Adresse.<\/p>\n\n\n\n<p>Diese anonymen Daten werden getrennt von Ihren eventuell angegebenen personenbezogenen Daten gespeichert und lassen so keine R\u00fcckschl\u00fcsse auf eine bestimmte Person zu. Sie werden zu statistischen Zwecken ausgewertet, um unseren Internetauftritt und unsere Angebote optimieren zu k\u00f6nnen.<\/p>\n\n\n\n<h4 class=\"wp-block-heading\">Kontaktm\u00f6glichkeit<\/h4>\n\n\n\n<p>Wir bieten Ihnen auf unserer Seite die M\u00f6glichkeit, mit uns per E-Mail und\/oder \u00fcber ein Kontaktformular in Verbindung zu treten. In diesem Fall werden die vom Nutzer gemachten Angaben zum Zwecke der Bearbeitung seiner Kontaktaufnahme gespeichert. Eine Weitergabe an Dritte erfolgt nicht. Ein Abgleich der so erhobenen Daten mit Daten, die m\u00f6glicherweise durch andere Komponenten unserer Seite erhoben werden, erfolgt ebenfalls nicht.<\/p>\n\n\n\n<h4 class=\"wp-block-heading\">Einsatz von Google-Analytics mit Anonymisierungsfunktion<\/h4>\n\n\n\n<p>Wir setzen auf unserer Seite Google-Analytics, einen Webanalysedienst der Firma Google Inc., 1600 Amphitheatre Parkway, Mountain View, CA 94043 USA, nachfolgend \u201eGoogle\u201c ein. Google-Analytics verwendet sog. \u201eCookies\u201c, Textdateien, die auf Ihrem Computer gespeichert werden und hierdurch eine Analyse der Benutzung der Website durch Sie erm\u00f6glichen.<\/p>\n\n\n\n<p>Die durch diese Cookies erzeugten Informationen, beispielsweise Zeit, Ort und H\u00e4ufigkeit Ihres Webseiten-Besuchs einschlie\u00dflich Ihrer IP-Adresse, werden an Google in den USA \u00fcbertragen und dort gespeichert.<\/p>\n\n\n\n<p>Wir verwenden auf unserer Website Google-Analytics mit einer IP-Anonymisierungsfunktion. Ihre IP-Adresse wird in diesem Fall von Google schon innerhalb von Mitgliedstaaten der Europ\u00e4ischen Union oder in anderen Vertragsstaaten des Abkommens \u00fcber den Europ\u00e4ischen Wirtschaftsraum gek\u00fcrzt und dadurch anonymisiert.<\/p>\n\n\n\n<p>Google wird diese Informationen benutzen, um Ihre Nutzung unserer Seite auszuwerten, um Reports \u00fcber die Websiteaktivit\u00e4ten f\u00fcr uns zusammenzustellen und um weitere mit der Websitenutzung und der Internetnutzung verbundene Dienstleistungen zu erbringen. Auch wird Google diese Informationen gegebenenfalls an Dritte \u00fcbertragen, sofern dies gesetzlich vorgeschrieben oder soweit Dritte diese Daten im Auftrag von Google verarbeiten.<\/p>\n\n\n\n<p>Google wird, nach eigenen Angaben, in keinem Fall Ihre IP-Adresse mit anderen Daten von Google in Verbindung bringen. Sie k\u00f6nnen die Installation der Cookies durch eine entsprechende Einstellung Ihrer Browser-Software verhindern; wir weisen Sie jedoch darauf hin, dass Sie in diesem Fall gegebenenfalls nicht s\u00e4mtliche Funktionen unserer Website vollumf\u00e4nglich nutzen k\u00f6nnen.<\/p>\n\n\n\n<p>Des Weiteren bietet Google f\u00fcr die g\u00e4ngigsten Browser eine Deaktivierungsoption an, welche Ihnen mehr Kontrolle dar\u00fcber gibt, welche Daten von Google erfasst und verarbeitet werden. Sollte Sie diese Option aktivieren, werden keine Informationen zum Website-Besuch an Google Analytics \u00fcbermittelt. Die Aktivierung verhindert aber nicht, dass Informationen an uns oder an andere von uns gegebenenfalls eingesetzte Webanalyse-Services \u00fcbermittelt werden. Weitere Informationen zu der von Google bereitgestellten Deaktivierungsoption sowie zu der Aktivierung dieser Option, erhalten Sie \u00fcber nachfolgenden Link: <a href=\"https:\/\/tools.google.com\/dlpage\/gaoptout?hl=de\" target=\"_blank\" rel=\"noreferrer noopener\">https:\/\/tools.google.com\/dlpage\/gaoptout?hl=de<\/a><\/p>\n\n\n\n<h4 class=\"wp-block-heading\">Einsatz von YouTube-Komponenten mit erweitertem Datenschutzmodus<\/h4>\n\n\n\n<p>Auf unserer Webseite setzen wir Komponenten (Videos) des Unternehmens YouTube, LLC 901 Cherry Ave., 94066 San Bruno, CA, USA, einem Unternehmen der Google Inc., Amphitheatre Parkway, Mountain View, CA 94043, USA, ein.<\/p>\n\n\n\n<p>Wenn Sie eine Seite aufrufen, die \u00fcber ein eingebettetes Video verf\u00fcgt, wird eine Verbindung zu den YouTube-Servern hergestellt und dabei der Inhalt durch Mitteilung an Ihren Browser auf der Internetseite dargestellt.<\/p>\n\n\n\n<p>Laut den Angaben von YouTube werden im nur Daten an den YouTube-Server \u00fcbermittelt, insbesondere welche unserer Internetseiten Sie besucht haben, wenn Sie das Video anschauen. Sind Sie gleichzeitig bei YouTube eingeloggt, werden diese Informationen Ihrem Mitgliedskonto bei YouTube zugeordnet. Dies k\u00f6nnen Sie verhindern, indem Sie sich vor dem Besuch unserer Website von Ihrem Mitgliedskonto abmelden.<\/p>\n\n\n\n<p>Weitere Informationen zum Datenschutz von YouTube werden von Google unter dem folgenden Link bereitgestellt:<\/p>\n\n\n\n<p><a href=\"https:\/\/www.google.de\/intl\/de\/policies\/privacy\/\">https:\/\/www.google.de\/intl\/de\/policies\/privacy\/<\/a><\/p>\n\n\n\n<h4 class=\"wp-block-heading\">Einsatz von Vimeo-Komponenten<\/h4>\n\n\n\n<p>Wir setzen auf unserer Seite Komponenten des Anbieters Vimeo ein. &nbsp;Vimeo ist ein Service der Vimeo LCC, 555 West 18th Street, New York, New York 10011, USA. Bei jedem einzelnen Abruf unserer Webseite, die mit einer solchen Komponente ausgestattet ist, veranlasst diese Komponente, dass der von Ihnen verwendete Browser eine entsprechende Darstellung der Komponente von Vimeo herunterl\u00e4dt. Wenn Sie unsere Seite aufrufen und w\u00e4hrenddessen bei Vimeo eingeloggt sind, erkennt Vimeo durch die von der Komponente gesammelten Informationen, welche konkrete Seite Sie besuchen und ordnet diese Informationen Ihrem pers\u00f6nlichen Account bei Vimeo zu. Klicken Sie z.B. den \u201ePlay\u201c-Button an oder geben Sie entsprechende Kommentare ab, werden diese Informationen an Ihr pers\u00f6nliches Benutzerkonto bei Vimeo \u00fcbermittelt und dort gespeichert. Dar\u00fcber hinaus wird die Information, dass Sie unsere Seite besucht haben, an Vimeo weitergegeben. Dies geschieht unabh\u00e4ngig davon, ob Sie z.B. die Komponente anklicken\/Kommentare abgeben oder nicht.<\/p>\n\n\n\n<p>Wenn Sie diese \u00dcbermittlung und Speicherung von Daten \u00fcber Sie und Ihr Verhalten auf unserer Webseite durch Vimeo unterbinden wollen, m\u00fcssen Sie sich bei Vimeo ausloggen und zwar bevor Sie unsere Seite besuchen. Die Datenschutzhinweise von Vimeo geben hierzu n\u00e4here Informationen, insbesondere zur Erhebung und Nutzung der Daten durch Vimeo: <a href=\"https:\/\/vimeo.com\/privacy\" target=\"_blank\" rel=\"noreferrer noopener\">https:\/\/vimeo.com\/privacy<\/a><\/p>\n\n\n\n<h4 class=\"wp-block-heading\">Einsatz von Slideshare<\/h4>\n\n\n\n<p>Wir setzen auf unserer Seite Komponenten des Anbieters Slideshare.com ein. Dieses Angebot ist ein Service der SlideShare Inc., 1 Montgomery St., Suite 1300, San Francisco, CA 94104, und ist durch eine sogenannte 2-Klick-L\u00f6sung in unsere Seite eingebunden. Durch den reinen Besuch unserer Seite werden grunds\u00e4tzlich keine personenbezogenen Daten an den Anbieter Slideshare.com weitergegeben. Lediglich wenn der Start der Komponenten des Anbieters Slideshare.com durch Sie manuell ausgel\u00f6st wird, werden personenbeziehbare Daten an Slideshare.com, Google Analytics und ComScore \u00fcbermittelt und in den USA gespeichert. Weiter wird ein Cookie in Ihrem Browser gesetzt. Wir haben keinerlei Einfluss auf die seitens des Anbieters Slideshare.com erhobenen Daten und dessen Datenverarbeitungsvorg\u00e4nge. Auch sind uns weder der volle Umfang der Datenerhebung, deren Zwecke sowie eine eventuell seitens Slideshare.com vorgegebene Speicherdauer bekannt. Weitere Informationen hierzu finden Sie unter <a href=\"http:\/\/www.slideshare.net\/privacy\" target=\"_blank\" rel=\"noreferrer noopener\">http:\/\/www.slideshare.net\/privacy<\/a>.<\/p>\n\n\n\n<p>ComScore (Corporate Headquarters Reston, 11950 Democracy Drive, Suite 600, Reston, VA 20190) speichert die so erlangten Daten im Wege eines \u201cNutzerprofils\u201d.&nbsp; Eine Auswertung dieses \u201cNutzerprofils\u201d seitens ComScore erfolgt zur Erbringung von bedarfsgerechter Werbung und\/oder der Marktforschung. Ihnen steht ein Widerspruchsrecht gegen die Anlage und Speicherung dieser Nutzerprofile seitens ComScore zu. Zur Aus\u00fcbung diese Widerspruchsrechts haben Sie sich an die Firma comScore, Inc., 11950 Democracy Drive, Suite 600, Reston, VA 20190 zu wenden. Weitere Informationen zu Zweck und Umfang der Datenerhebung und ihrer Verarbeitung durch die Firma comScore finden Sie unter <a href=\"http:\/\/www.comscore.com\/ger\/Ueber_Uns\/Datenschutz\" target=\"_blank\" rel=\"noreferrer noopener\">http:\/\/www.comscore.com\/ger\/Ueber_Uns\/Datenschutz<\/a><\/p>\n\n\n\n<h4 class=\"wp-block-heading\">Einsatz von MailChimp<\/h4>\n\n\n\n<h5 class=\"wp-block-heading\">Einwilligung Newsletter<\/h5>\n\n\n\n<p>In Bezug auf die Verwendung Ihrer personenbezogenen Daten zum Empfang unseres Newsletters werden Sie an gegebener Stelle wie folgt um eine Einwilligung gebeten:<\/p>\n\n\n\n<p>\u201cIch habe die Datenschutzerkl\u00e4rung zu Kenntnis genommen, insbesondere bin ich damit einverstanden, dass die Datenverarbeitung bei einem Dienstleister in den USA erfolgt.\u201d.<\/p>\n\n\n\n<p>Mit dem Newsletter informieren wir in regelm\u00e4\u00dfigen Abst\u00e4nden \u00fcber unsere Angebote. Um unseren Newsletter empfangen zu k\u00f6nnen, ben\u00f6tigen Sie eine g\u00fcltige E-Mailadresse. Die von Ihnen eingetragene E-Mail-Adresse werden wir dahingehend \u00fcberpr\u00fcfen, ob Sie tats\u00e4chlich der Inhaber der angegebenen E-Mail-Adresse sind bzw. deren Inhaber den Empfang des Newsletters autorisiert ist. Mit Ihrer Anmeldung zu unserem Newsletter werden wir Ihre IP-Adresse und das Datum sowie die Uhrzeit Ihrer Anmeldung speichern. Dies dient in dem Fall, dass ein Dritter Ihre E-Mail-Adresse missbraucht und ohne Ihr Wissen unseren Newsletter abonniert, als Absicherung unsererseits.<\/p>\n\n\n\n<p>Ein Abgleich der so erhobenen Daten mit Daten, die m\u00f6glicherweise durch andere Komponenten unserer Seite erhoben werden, erfolgt ebenfalls nicht.<\/p>\n\n\n\n<h5 class=\"wp-block-heading\">Newsletter per MailChimp<\/h5>\n\n\n\n<p>Wir verwenden zum Versand unserer Newsletter die Komponente MailChimp. Bei <strong>MailChimp<\/strong> handelt es sich um eine Dienstleistung der Firma The Rocket Science Group, LLC, 512 Means Street, Suite 404, Atlanta, GA 30318, USA.<\/p>\n\n\n\n<p>Ihre bei der Newsletter Anmeldung gespeicherten Daten (E-Mail-Adresse, ggf. Name, IP-Adresse, Datum sowie die Uhrzeit Ihrer Anmeldung) werden an einen Server der Firma The Rocket Science Group in den USA \u00fcbertragen und dort unter Beachtung des \u201cEU-US Privacy Shield\u201d gespeichert.<\/p>\n\n\n\n<p>Weitere Informationen zum Datenschutz bei <strong>MailChimp<\/strong> finden Sie unter:<\/p>\n\n\n\n<p><a href=\"http:\/\/mailchimp.com\/legal\/privacy\/\">http:\/\/mailchimp.com\/legal\/privacy\/<\/a><\/p>\n\n\n\n<p>Weitere Informationen zu dem \u201cEU-US Privacy Shield\u201d finden Sie unter:<\/p>\n\n\n\n<p><a href=\"https:\/\/www.bfdi.bund.de\/DE\/Europa_International\/International\/Artikel\/EU-US_PrivacyShield_Daten%C3%BCbermittlungenUSA.html?nn=5217040\" target=\"_blank\" rel=\"noreferrer noopener\">Die Bundesbeauftragte f\u00fcr den Datenschutz und die Informationsfreiheit<\/a><\/p>\n\n\n\n<p><a href=\"http:\/\/ec.europa.eu\/justice\/data-protection\/international-transfers\/eu-us-privacy-shield\/index_en.htm\">http:\/\/ec.europa.eu\/justice\/data-protection\/international-transfers\/eu-us-privacy-shield\/index_en.htm<\/a><\/p>\n\n\n\n<p>Das Abonnement dieses Newsletters und damit die Einwilligung in die Speicherung Ihrer Daten k\u00f6nnen Sie jederzeit f\u00fcr die Zukunft k\u00fcndigen bzw. widerrufen. Einzelheiten hierzu k\u00f6nnen Sie der Best\u00e4tigungsmail sowie jedem einzelnen Newsletter entnehmen.<\/p>\n\n\n\n<h5 class=\"wp-block-heading\">Newsletter-Tracking<\/h5>\n\n\n\n<p>Unsere Newsletter enthalten sog. Z\u00e4hlpixel (Web-Bugs), anhand derer wir erkennen k\u00f6nnen, ob und wann eine E-Mail ge\u00f6ffnet wurde und welchen Links in der E-Mail von dem personalisierten Empf\u00e4nger gefolgt wurde.<\/p>\n\n\n\n<p>Diese Daten werden von uns gespeichert, damit wir unsere Newsletter optimal auf die W\u00fcnsche und Interessen unserer Abonnenten ausrichten k\u00f6nnen. Demnach werden die somit erhobenen Daten genutzt, um personalisierte Newsletter an den jeweiligen Empf\u00e4nger zu versenden.<\/p>\n\n\n\n<p>Um Ihre diesbez\u00fcgliche Einwilligung bitten wir Sie an gegebener Stelle wie folgt:<\/p>\n\n\n\n<p>\u201cIch bin damit einverstanden, dass meine Daten und mein Nutzungsverhalten durch das Newsletter-Tracking elektronisch gespeichert werden um mir einen individualisierten Newsletter zu \u00fcbersenden. Mit dem widerrufen der Einwilligung zum Erhalt des Newsletters, wird auch die Einwilligung zum vorgenannten Tracking widerrufen.\u201d<\/p>\n\n\n\n<p>Mit dem widerrufen der Einwilligung zum Erhalt des Newsletters, wird auch die Einwilligung zum vorgenannten Tracking widerrufen.<\/p>\n\n\n\n<h3 class=\"wp-block-heading\">Auskunft\/Widerruf\/L\u00f6schung<\/h3>\n\n\n\n<p>Sie k\u00f6nnen sich aufgrund des Bundesdatenschutzgesetzes bei Fragen zur Erhebung, Verarbeitung oder Nutzung Ihrer personenbezogenen Daten und deren Berichtigung, Sperrung, L\u00f6schung oder einem Widerruf einer erteilten Einwilligung unentgeltlich an uns wenden. Wir weisen darauf hin, dass Ihnen ein Recht auf Berichtigung falscher Daten oder L\u00f6schung personenbezogener Daten zusteht, sollte diesem Anspruch keine gesetzliche Aufbewahrungspflicht entgegenstehen.<\/p>\n\n\n\n<p><a href=\"https:\/\/www.ratgeberrecht.eu\/leistungen\/muster-datenschutzerklaerung.html\" target=\"_blank\" rel=\"noreferrer noopener\">Muster-Datenschutzerkl\u00e4rung<\/a> der <a href=\"https:\/\/www.ratgeberrecht.eu\/\" target=\"_blank\" rel=\"noreferrer noopener\">Anwaltskanzlei Wei\u00df &amp; Partner<\/a><\/p>\n","protected":false},"excerpt":{"rendered":"<p>Wir nehmen den Schutz Ihrer pers\u00f6nlichen Daten sehr ernst und halten uns strikt an die Regeln der Datenschutzgesetze. Personenbezogene Daten werden auf dieser Webseite nur im technisch notwendigen Umfang erhoben. In keinem Fall werden die erhobenen Daten verkauft oder aus anderen Gr\u00fcnden an Dritte weitergegeben. Die nachfolgende Erkl\u00e4rung gibt Ihnen einen \u00dcberblick dar\u00fcber, wie wir&hellip; <br \/> <a class=\"read-more\" href=\"https:\/\/corporatecreators.de\/index.php\/privacy-policy\/\">Weiterlesen<\/a><\/p>\n","protected":false},"author":1,"featured_media":0,"parent":0,"menu_order":0,"comment_status":"closed","ping_status":"open","template":"","meta":{"footnotes":""},"class_list":["post-337","page","type-page","status-publish","hentry"],"yoast_head":"<!-- This site is optimized with the Yoast SEO plugin v27.4 - https:\/\/yoast.com\/product\/yoast-seo-wordpress\/ -->\n<title>Datenschutz - Hybrid Events - Livestreaming - Webcasts - Webinars<\/title>\n<meta name=\"robots\" content=\"index, follow, max-snippet:-1, max-image-preview:large, max-video-preview:-1\" \/>\n<link rel=\"canonical\" href=\"https:\/\/corporatecreators.de\/index.php\/privacy-policy\/\" \/>\n<meta property=\"og:locale\" content=\"de_DE\" \/>\n<meta property=\"og:type\" content=\"article\" \/>\n<meta property=\"og:title\" content=\"Datenschutz - Hybrid Events - Livestreaming - Webcasts - Webinars\" \/>\n<meta property=\"og:description\" content=\"Wir nehmen den Schutz Ihrer pers\u00f6nlichen Daten sehr ernst und halten uns strikt an die Regeln der Datenschutzgesetze. Personenbezogene Daten werden auf dieser Webseite nur im technisch notwendigen Umfang erhoben. In keinem Fall werden die erhobenen Daten verkauft oder aus anderen Gr\u00fcnden an Dritte weitergegeben. Die nachfolgende Erkl\u00e4rung gibt Ihnen einen \u00dcberblick dar\u00fcber, wie wir&hellip; Weiterlesen\" \/>\n<meta property=\"og:url\" content=\"https:\/\/corporatecreators.de\/index.php\/privacy-policy\/\" \/>\n<meta property=\"og:site_name\" content=\"Hybrid Events - Livestreaming - Webcasts - Webinars\" \/>\n<meta property=\"article:modified_time\" content=\"2020-08-10T01:15:38+00:00\" \/>\n<meta name=\"twitter:card\" content=\"summary_large_image\" \/>\n<meta name=\"twitter:label1\" content=\"Gesch\u00e4tzte Lesezeit\" \/>\n\t<meta name=\"twitter:data1\" content=\"10\u00a0Minuten\" \/>\n<script type=\"application\/ld+json\" class=\"yoast-schema-graph\">{\"@context\":\"https:\\\/\\\/schema.org\",\"@graph\":[{\"@type\":\"WebPage\",\"@id\":\"https:\\\/\\\/corporatecreators.de\\\/index.php\\\/privacy-policy\\\/\",\"url\":\"https:\\\/\\\/corporatecreators.de\\\/index.php\\\/privacy-policy\\\/\",\"name\":\"Datenschutz - Hybrid Events - Livestreaming - Webcasts - Webinars\",\"isPartOf\":{\"@id\":\"https:\\\/\\\/corporatecreators.de\\\/#website\"},\"datePublished\":\"2019-01-28T16:52:50+00:00\",\"dateModified\":\"2020-08-10T01:15:38+00:00\",\"breadcrumb\":{\"@id\":\"https:\\\/\\\/corporatecreators.de\\\/index.php\\\/privacy-policy\\\/#breadcrumb\"},\"inLanguage\":\"de\",\"potentialAction\":[{\"@type\":\"ReadAction\",\"target\":[\"https:\\\/\\\/corporatecreators.de\\\/index.php\\\/privacy-policy\\\/\"]}]},{\"@type\":\"BreadcrumbList\",\"@id\":\"https:\\\/\\\/corporatecreators.de\\\/index.php\\\/privacy-policy\\\/#breadcrumb\",\"itemListElement\":[{\"@type\":\"ListItem\",\"position\":1,\"name\":\"Home\",\"item\":\"https:\\\/\\\/corporatecreators.de\\\/\"},{\"@type\":\"ListItem\",\"position\":2,\"name\":\"Datenschutz\"}]},{\"@type\":\"WebSite\",\"@id\":\"https:\\\/\\\/corporatecreators.de\\\/#website\",\"url\":\"https:\\\/\\\/corporatecreators.de\\\/\",\"name\":\"Hybrid Events - Livestreaming - Webcasts - Webinars\",\"description\":\"\",\"publisher\":{\"@id\":\"https:\\\/\\\/corporatecreators.de\\\/#organization\"},\"potentialAction\":[{\"@type\":\"SearchAction\",\"target\":{\"@type\":\"EntryPoint\",\"urlTemplate\":\"https:\\\/\\\/corporatecreators.de\\\/?s={search_term_string}\"},\"query-input\":{\"@type\":\"PropertyValueSpecification\",\"valueRequired\":true,\"valueName\":\"search_term_string\"}}],\"inLanguage\":\"de\"},{\"@type\":\"Organization\",\"@id\":\"https:\\\/\\\/corporatecreators.de\\\/#organization\",\"name\":\"Hybrid Events - Livestreaming - Webcasts - Webinars\",\"url\":\"https:\\\/\\\/corporatecreators.de\\\/\",\"logo\":{\"@type\":\"ImageObject\",\"inLanguage\":\"de\",\"@id\":\"https:\\\/\\\/corporatecreators.de\\\/#\\\/schema\\\/logo\\\/image\\\/\",\"url\":\"https:\\\/\\\/corporatecreators.de\\\/wp-content\\\/uploads\\\/2020\\\/10\\\/cc-logo.png\",\"contentUrl\":\"https:\\\/\\\/corporatecreators.de\\\/wp-content\\\/uploads\\\/2020\\\/10\\\/cc-logo.png\",\"width\":1354,\"height\":397,\"caption\":\"Hybrid Events - Livestreaming - Webcasts - Webinars\"},\"image\":{\"@id\":\"https:\\\/\\\/corporatecreators.de\\\/#\\\/schema\\\/logo\\\/image\\\/\"}}]}<\/script>\n<!-- \/ Yoast SEO plugin. -->","yoast_head_json":{"title":"Datenschutz - Hybrid Events - Livestreaming - Webcasts - Webinars","robots":{"index":"index","follow":"follow","max-snippet":"max-snippet:-1","max-image-preview":"max-image-preview:large","max-video-preview":"max-video-preview:-1"},"canonical":"https:\/\/corporatecreators.de\/index.php\/privacy-policy\/","og_locale":"de_DE","og_type":"article","og_title":"Datenschutz - Hybrid Events - Livestreaming - Webcasts - Webinars","og_description":"Wir nehmen den Schutz Ihrer pers\u00f6nlichen Daten sehr ernst und halten uns strikt an die Regeln der Datenschutzgesetze. Personenbezogene Daten werden auf dieser Webseite nur im technisch notwendigen Umfang erhoben. In keinem Fall werden die erhobenen Daten verkauft oder aus anderen Gr\u00fcnden an Dritte weitergegeben. Die nachfolgende Erkl\u00e4rung gibt Ihnen einen \u00dcberblick dar\u00fcber, wie wir&hellip; Weiterlesen","og_url":"https:\/\/corporatecreators.de\/index.php\/privacy-policy\/","og_site_name":"Hybrid Events - Livestreaming - Webcasts - Webinars","article_modified_time":"2020-08-10T01:15:38+00:00","twitter_card":"summary_large_image","twitter_misc":{"Gesch\u00e4tzte Lesezeit":"10\u00a0Minuten"},"schema":{"@context":"https:\/\/schema.org","@graph":[{"@type":"WebPage","@id":"https:\/\/corporatecreators.de\/index.php\/privacy-policy\/","url":"https:\/\/corporatecreators.de\/index.php\/privacy-policy\/","name":"Datenschutz - Hybrid Events - Livestreaming - Webcasts - Webinars","isPartOf":{"@id":"https:\/\/corporatecreators.de\/#website"},"datePublished":"2019-01-28T16:52:50+00:00","dateModified":"2020-08-10T01:15:38+00:00","breadcrumb":{"@id":"https:\/\/corporatecreators.de\/index.php\/privacy-policy\/#breadcrumb"},"inLanguage":"de","potentialAction":[{"@type":"ReadAction","target":["https:\/\/corporatecreators.de\/index.php\/privacy-policy\/"]}]},{"@type":"BreadcrumbList","@id":"https:\/\/corporatecreators.de\/index.php\/privacy-policy\/#breadcrumb","itemListElement":[{"@type":"ListItem","position":1,"name":"Home","item":"https:\/\/corporatecreators.de\/"},{"@type":"ListItem","position":2,"name":"Datenschutz"}]},{"@type":"WebSite","@id":"https:\/\/corporatecreators.de\/#website","url":"https:\/\/corporatecreators.de\/","name":"Hybrid Events - Livestreaming - Webcasts - Webinars","description":"","publisher":{"@id":"https:\/\/corporatecreators.de\/#organization"},"potentialAction":[{"@type":"SearchAction","target":{"@type":"EntryPoint","urlTemplate":"https:\/\/corporatecreators.de\/?s={search_term_string}"},"query-input":{"@type":"PropertyValueSpecification","valueRequired":true,"valueName":"search_term_string"}}],"inLanguage":"de"},{"@type":"Organization","@id":"https:\/\/corporatecreators.de\/#organization","name":"Hybrid Events - Livestreaming - Webcasts - Webinars","url":"https:\/\/corporatecreators.de\/","logo":{"@type":"ImageObject","inLanguage":"de","@id":"https:\/\/corporatecreators.de\/#\/schema\/logo\/image\/","url":"https:\/\/corporatecreators.de\/wp-content\/uploads\/2020\/10\/cc-logo.png","contentUrl":"https:\/\/corporatecreators.de\/wp-content\/uploads\/2020\/10\/cc-logo.png","width":1354,"height":397,"caption":"Hybrid Events - Livestreaming - Webcasts - Webinars"},"image":{"@id":"https:\/\/corporatecreators.de\/#\/schema\/logo\/image\/"}}]}},"_links":{"self":[{"href":"https:\/\/corporatecreators.de\/index.php\/wp-json\/wp\/v2\/pages\/337","targetHints":{"allow":["GET"]}}],"collection":[{"href":"https:\/\/corporatecreators.de\/index.php\/wp-json\/wp\/v2\/pages"}],"about":[{"href":"https:\/\/corporatecreators.de\/index.php\/wp-json\/wp\/v2\/types\/page"}],"author":[{"embeddable":true,"href":"https:\/\/corporatecreators.de\/index.php\/wp-json\/wp\/v2\/users\/1"}],"replies":[{"embeddable":true,"href":"https:\/\/corporatecreators.de\/index.php\/wp-json\/wp\/v2\/comments?post=337"}],"version-history":[{"count":2,"href":"https:\/\/corporatecreators.de\/index.php\/wp-json\/wp\/v2\/pages\/337\/revisions"}],"predecessor-version":[{"id":514,"href":"https:\/\/corporatecreators.de\/index.php\/wp-json\/wp\/v2\/pages\/337\/revisions\/514"}],"wp:attachment":[{"href":"https:\/\/corporatecreators.de\/index.php\/wp-json\/wp\/v2\/media?parent=337"}],"curies":[{"name":"wp","href":"https:\/\/api.w.org\/{rel}","templated":true}]}}