{"id":515,"date":"2020-08-10T03:16:59","date_gmt":"2020-08-10T01:16:59","guid":{"rendered":"https:\/\/corporatecreators.de\/?page_id=515"},"modified":"2020-08-10T03:17:21","modified_gmt":"2020-08-10T01:17:21","slug":"impressum","status":"publish","type":"page","link":"https:\/\/corporatecreators.de\/index.php\/impressum\/","title":{"rendered":"Impressum"},"content":{"rendered":"\n<p>CORPORATE CR3ATORS ist ein Angebot von:<\/p>\n\n\n\n<p>white whale<br>strategic communication consultants<br>Tobias Kaufmann<br>Graefestra\u00dfe 37<br>10967 Berlin<\/p>\n\n\n\n<p>Tel.: +49 (0)151 2127 1405<br>Fax: +49 (0)30 8687 0506 70<br>Internet: www.whitewhale.de<br>E-Mail: mail@whitewhale.de<\/p>\n\n\n\n<p>Inhaltlich Verantwortlicher gem\u00e4\u00df \u00a7 10 Absatz 3 MDStV: Tobias Kaufmann, Umsatzsteuer-Ident-Nr.: DE264441938<\/p>\n\n\n\n<p>Trotz sorgf\u00e4ltiger inhaltlicher Kontrolle \u00fcbernehmen wir keinerlei Haftung f\u00fcr die Inhalte externer Links oder die aggregierten Inhalte von externen Seiten. F\u00fcr die aggregierten Inhalte oder die Inhalte verlinkter Seiten sind ausschlie\u00dflich deren Betreiber und\/oder Urheber verantwortlich. Die Meinungen der aggregierten Inhalte sind Meinungen der Urheber selbst und spiegeln nicht zwingend die Meinungen von white whale communications und Tobias Kaufmann wieder.<\/p>\n\n\n\n<p>Datenschutzerkl\u00e4rung: Bei jedem Zugriff auf unsere Internetseiten werden serverseitig und von dem Programm Google Analytics Daten (z. B. IP-Adresse, Datum, Uhrzeit und aufgerufene Seiten) gespeichert. Es finden folgende Bedingungen Geltung: Eine Auswertung der Daten, au\u00dfer in anonymisierter Form f\u00fcr statistische Zwecke, findet nicht statt.<\/p>\n","protected":false},"excerpt":{"rendered":"<p>CORPORATE CR3ATORS ist ein Angebot von: white whalestrategic communication consultantsTobias KaufmannGraefestra\u00dfe 3710967 Berlin Tel.: +49 (0)151 2127 1405Fax: +49 (0)30 8687 0506 70Internet: www.whitewhale.deE-Mail: mail@whitewhale.de Inhaltlich Verantwortlicher gem\u00e4\u00df \u00a7 10 Absatz 3 MDStV: Tobias Kaufmann, Umsatzsteuer-Ident-Nr.: DE264441938 Trotz sorgf\u00e4ltiger inhaltlicher Kontrolle \u00fcbernehmen wir keinerlei Haftung f\u00fcr die Inhalte externer Links oder die aggregierten Inhalte von&hellip; <br \/> <a class=\"read-more\" href=\"https:\/\/corporatecreators.de\/index.php\/impressum\/\">Weiterlesen<\/a><\/p>\n","protected":false},"author":1,"featured_media":0,"parent":0,"menu_order":0,"comment_status":"closed","ping_status":"closed","template":"","meta":{"footnotes":""},"class_list":["post-515","page","type-page","status-publish","hentry"],"yoast_head":"<!-- This site is optimized with the Yoast SEO plugin v27.4 - https:\/\/yoast.com\/product\/yoast-seo-wordpress\/ -->\n<title>Impressum - Hybrid Events - Livestreaming - Webcasts - Webinars<\/title>\n<meta name=\"robots\" content=\"index, follow, max-snippet:-1, max-image-preview:large, max-video-preview:-1\" \/>\n<link rel=\"canonical\" href=\"https:\/\/corporatecreators.de\/index.php\/impressum\/\" \/>\n<meta property=\"og:locale\" content=\"de_DE\" \/>\n<meta property=\"og:type\" content=\"article\" \/>\n<meta property=\"og:title\" content=\"Impressum - Hybrid Events - Livestreaming - Webcasts - Webinars\" \/>\n<meta property=\"og:description\" content=\"CORPORATE CR3ATORS ist ein Angebot von: white whalestrategic communication consultantsTobias KaufmannGraefestra\u00dfe 3710967 Berlin Tel.: +49 (0)151 2127 1405Fax: +49 (0)30 8687 0506 70Internet: www.whitewhale.deE-Mail: mail@whitewhale.de Inhaltlich Verantwortlicher gem\u00e4\u00df \u00a7 10 Absatz 3 MDStV: Tobias Kaufmann, Umsatzsteuer-Ident-Nr.: DE264441938 Trotz sorgf\u00e4ltiger inhaltlicher Kontrolle \u00fcbernehmen wir keinerlei Haftung f\u00fcr die Inhalte externer Links oder die aggregierten Inhalte von&hellip; Weiterlesen\" \/>\n<meta property=\"og:url\" content=\"https:\/\/corporatecreators.de\/index.php\/impressum\/\" \/>\n<meta property=\"og:site_name\" content=\"Hybrid Events - Livestreaming - Webcasts - Webinars\" \/>\n<meta property=\"article:modified_time\" content=\"2020-08-10T01:17:21+00:00\" \/>\n<meta name=\"twitter:card\" content=\"summary_large_image\" \/>\n<meta name=\"twitter:label1\" content=\"Gesch\u00e4tzte Lesezeit\" \/>\n\t<meta name=\"twitter:data1\" content=\"1\u00a0Minute\" \/>\n<script type=\"application\/ld+json\" class=\"yoast-schema-graph\">{\"@context\":\"https:\\\/\\\/schema.org\",\"@graph\":[{\"@type\":\"WebPage\",\"@id\":\"https:\\\/\\\/corporatecreators.de\\\/index.php\\\/impressum\\\/\",\"url\":\"https:\\\/\\\/corporatecreators.de\\\/index.php\\\/impressum\\\/\",\"name\":\"Impressum - Hybrid Events - Livestreaming - Webcasts - Webinars\",\"isPartOf\":{\"@id\":\"https:\\\/\\\/corporatecreators.de\\\/#website\"},\"datePublished\":\"2020-08-10T01:16:59+00:00\",\"dateModified\":\"2020-08-10T01:17:21+00:00\",\"breadcrumb\":{\"@id\":\"https:\\\/\\\/corporatecreators.de\\\/index.php\\\/impressum\\\/#breadcrumb\"},\"inLanguage\":\"de\",\"potentialAction\":[{\"@type\":\"ReadAction\",\"target\":[\"https:\\\/\\\/corporatecreators.de\\\/index.php\\\/impressum\\\/\"]}]},{\"@type\":\"BreadcrumbList\",\"@id\":\"https:\\\/\\\/corporatecreators.de\\\/index.php\\\/impressum\\\/#breadcrumb\",\"itemListElement\":[{\"@type\":\"ListItem\",\"position\":1,\"name\":\"Home\",\"item\":\"https:\\\/\\\/corporatecreators.de\\\/\"},{\"@type\":\"ListItem\",\"position\":2,\"name\":\"Impressum\"}]},{\"@type\":\"WebSite\",\"@id\":\"https:\\\/\\\/corporatecreators.de\\\/#website\",\"url\":\"https:\\\/\\\/corporatecreators.de\\\/\",\"name\":\"Hybrid Events - Livestreaming - Webcasts - Webinars\",\"description\":\"\",\"publisher\":{\"@id\":\"https:\\\/\\\/corporatecreators.de\\\/#organization\"},\"potentialAction\":[{\"@type\":\"SearchAction\",\"target\":{\"@type\":\"EntryPoint\",\"urlTemplate\":\"https:\\\/\\\/corporatecreators.de\\\/?s={search_term_string}\"},\"query-input\":{\"@type\":\"PropertyValueSpecification\",\"valueRequired\":true,\"valueName\":\"search_term_string\"}}],\"inLanguage\":\"de\"},{\"@type\":\"Organization\",\"@id\":\"https:\\\/\\\/corporatecreators.de\\\/#organization\",\"name\":\"Hybrid Events - Livestreaming - Webcasts - Webinars\",\"url\":\"https:\\\/\\\/corporatecreators.de\\\/\",\"logo\":{\"@type\":\"ImageObject\",\"inLanguage\":\"de\",\"@id\":\"https:\\\/\\\/corporatecreators.de\\\/#\\\/schema\\\/logo\\\/image\\\/\",\"url\":\"https:\\\/\\\/corporatecreators.de\\\/wp-content\\\/uploads\\\/2020\\\/10\\\/cc-logo.png\",\"contentUrl\":\"https:\\\/\\\/corporatecreators.de\\\/wp-content\\\/uploads\\\/2020\\\/10\\\/cc-logo.png\",\"width\":1354,\"height\":397,\"caption\":\"Hybrid Events - Livestreaming - Webcasts - Webinars\"},\"image\":{\"@id\":\"https:\\\/\\\/corporatecreators.de\\\/#\\\/schema\\\/logo\\\/image\\\/\"}}]}<\/script>\n<!-- \/ Yoast SEO plugin. -->","yoast_head_json":{"title":"Impressum - Hybrid Events - Livestreaming - Webcasts - Webinars","robots":{"index":"index","follow":"follow","max-snippet":"max-snippet:-1","max-image-preview":"max-image-preview:large","max-video-preview":"max-video-preview:-1"},"canonical":"https:\/\/corporatecreators.de\/index.php\/impressum\/","og_locale":"de_DE","og_type":"article","og_title":"Impressum - Hybrid Events - Livestreaming - Webcasts - Webinars","og_description":"CORPORATE CR3ATORS ist ein Angebot von: white whalestrategic communication consultantsTobias KaufmannGraefestra\u00dfe 3710967 Berlin Tel.: +49 (0)151 2127 1405Fax: +49 (0)30 8687 0506 70Internet: www.whitewhale.deE-Mail: mail@whitewhale.de Inhaltlich Verantwortlicher gem\u00e4\u00df \u00a7 10 Absatz 3 MDStV: Tobias Kaufmann, Umsatzsteuer-Ident-Nr.: DE264441938 Trotz sorgf\u00e4ltiger inhaltlicher Kontrolle \u00fcbernehmen wir keinerlei Haftung f\u00fcr die Inhalte externer Links oder die aggregierten Inhalte von&hellip; Weiterlesen","og_url":"https:\/\/corporatecreators.de\/index.php\/impressum\/","og_site_name":"Hybrid Events - Livestreaming - Webcasts - Webinars","article_modified_time":"2020-08-10T01:17:21+00:00","twitter_card":"summary_large_image","twitter_misc":{"Gesch\u00e4tzte Lesezeit":"1\u00a0Minute"},"schema":{"@context":"https:\/\/schema.org","@graph":[{"@type":"WebPage","@id":"https:\/\/corporatecreators.de\/index.php\/impressum\/","url":"https:\/\/corporatecreators.de\/index.php\/impressum\/","name":"Impressum - Hybrid Events - Livestreaming - Webcasts - Webinars","isPartOf":{"@id":"https:\/\/corporatecreators.de\/#website"},"datePublished":"2020-08-10T01:16:59+00:00","dateModified":"2020-08-10T01:17:21+00:00","breadcrumb":{"@id":"https:\/\/corporatecreators.de\/index.php\/impressum\/#breadcrumb"},"inLanguage":"de","potentialAction":[{"@type":"ReadAction","target":["https:\/\/corporatecreators.de\/index.php\/impressum\/"]}]},{"@type":"BreadcrumbList","@id":"https:\/\/corporatecreators.de\/index.php\/impressum\/#breadcrumb","itemListElement":[{"@type":"ListItem","position":1,"name":"Home","item":"https:\/\/corporatecreators.de\/"},{"@type":"ListItem","position":2,"name":"Impressum"}]},{"@type":"WebSite","@id":"https:\/\/corporatecreators.de\/#website","url":"https:\/\/corporatecreators.de\/","name":"Hybrid Events - Livestreaming - Webcasts - Webinars","description":"","publisher":{"@id":"https:\/\/corporatecreators.de\/#organization"},"potentialAction":[{"@type":"SearchAction","target":{"@type":"EntryPoint","urlTemplate":"https:\/\/corporatecreators.de\/?s={search_term_string}"},"query-input":{"@type":"PropertyValueSpecification","valueRequired":true,"valueName":"search_term_string"}}],"inLanguage":"de"},{"@type":"Organization","@id":"https:\/\/corporatecreators.de\/#organization","name":"Hybrid Events - Livestreaming - Webcasts - Webinars","url":"https:\/\/corporatecreators.de\/","logo":{"@type":"ImageObject","inLanguage":"de","@id":"https:\/\/corporatecreators.de\/#\/schema\/logo\/image\/","url":"https:\/\/corporatecreators.de\/wp-content\/uploads\/2020\/10\/cc-logo.png","contentUrl":"https:\/\/corporatecreators.de\/wp-content\/uploads\/2020\/10\/cc-logo.png","width":1354,"height":397,"caption":"Hybrid Events - Livestreaming - Webcasts - Webinars"},"image":{"@id":"https:\/\/corporatecreators.de\/#\/schema\/logo\/image\/"}}]}},"_links":{"self":[{"href":"https:\/\/corporatecreators.de\/index.php\/wp-json\/wp\/v2\/pages\/515","targetHints":{"allow":["GET"]}}],"collection":[{"href":"https:\/\/corporatecreators.de\/index.php\/wp-json\/wp\/v2\/pages"}],"about":[{"href":"https:\/\/corporatecreators.de\/index.php\/wp-json\/wp\/v2\/types\/page"}],"author":[{"embeddable":true,"href":"https:\/\/corporatecreators.de\/index.php\/wp-json\/wp\/v2\/users\/1"}],"replies":[{"embeddable":true,"href":"https:\/\/corporatecreators.de\/index.php\/wp-json\/wp\/v2\/comments?post=515"}],"version-history":[{"count":2,"href":"https:\/\/corporatecreators.de\/index.php\/wp-json\/wp\/v2\/pages\/515\/revisions"}],"predecessor-version":[{"id":517,"href":"https:\/\/corporatecreators.de\/index.php\/wp-json\/wp\/v2\/pages\/515\/revisions\/517"}],"wp:attachment":[{"href":"https:\/\/corporatecreators.de\/index.php\/wp-json\/wp\/v2\/media?parent=515"}],"curies":[{"name":"wp","href":"https:\/\/api.w.org\/{rel}","templated":true}]}}